{"id":9663,"date":"2026-03-27T11:04:44","date_gmt":"2026-03-27T15:04:44","guid":{"rendered":"https:\/\/dragonboat.ca\/events-calendar\/championnat-can-americain-de-bateau-dragon-par-club-2026\/"},"modified":"2026-03-27T12:15:07","modified_gmt":"2026-03-27T16:15:07","slug":"championnat-can-americain-de-bateau-dragon-par-club-2026","status":"publish","type":"page","link":"https:\/\/dragonboat.ca\/fr\/events-calendar\/championnat-can-americain-de-bateau-dragon-par-club-2026\/","title":{"rendered":"Championnat Can Am\u00e9ricain de bateau dragon par Club 2026"},"content":{"rendered":"<p><img fetchpriority=\"high\" decoding=\"async\" src=\"https:\/\/dragonboat.ca\/wp-content\/uploads\/CAN_AM_FR.png\" sizes=\"(max-width: 1905px) 100vw, 1905px\" srcset=\"https:\/\/dragonboat.ca\/wp-content\/uploads\/CAN_AM_FR.png 1905w, https:\/\/dragonboat.ca\/wp-content\/uploads\/CAN_AM_FR-1536x810.png 1536w\" alt=\"\" width=\"1905\" height=\"1005\" \/><\/p>\n<h3 style=\"text-align: center;\" data-start=\"74\" data-end=\"108\"><strong data-start=\"74\" data-end=\"91\">17-20 JUILLET<\/strong><br data-start=\"91\" data-end=\"94\" \/>Montr\u00e9al, QC<\/h3>\n<p data-start=\"110\" data-end=\"384\"><strong data-start=\"110\" data-end=\"221\">Bateau Dragon Canada est fier d\u2019accueillir les Championnats CanAm au <a href=\"https:\/\/www.parcjeandrapeau.com\/fr\/bassin-olympique-montreal\/\">Bassin olympique du Parc Jean-Drapeau.<\/a><\/strong> Nous sommes ravis de collaborer avec <a href=\"https:\/\/www.missiondragonboat.com\/event\/challenge-de-montreal\/\" target=\"_blank\" rel=\"noopener\">Mission Bateau Dragon<\/a> et l\u2019USDBF afin d\u2019offrir les courses les plus comp\u00e9titives et les plus excitantes du continent en 2026!<\/p>\n<p data-start=\"386\" data-end=\"731\">Les comp\u00e9titions auront lieu du 17 au 20 juillet, avec des s\u00e9ances d\u2019entra\u00eenement pr\u00e9vues le 17 (et possiblement le 16 si n\u00e9cessaire). Les plages d\u2019entra\u00eenement seront d\u2019abord attribu\u00e9es aux \u00e9quipes provenant de l\u2019ext\u00e9rieur de la province de Qu\u00e9bec, puis les plages restantes seront offertes selon le principe du premier arriv\u00e9, premier servi.<\/p>\n<p data-start=\"733\" data-end=\"907\">Les entra\u00eenements incluront une opportunit\u00e9 de pratiquer un virage de 2000 m\u00e8tres. Toutes les courses CanAm en ligne droite (200 m et 500 m) auront lieu en d\u00e9parts align\u00e9s.<\/p>\n<p data-start=\"909\" data-end=\"1098\">Le programme de course comprend trois distances pour toutes les classes et cat\u00e9gories: 200m, 50 m et 2000m. Les r\u00e8gles <strong data-start=\"1032\" data-end=\"1061\">Bateau Dragon Canada 2026<\/strong> seront utilis\u00e9es pour l\u2019\u00e9v\u00e9nement.<\/p>\n<p><a href=\"https:\/\/dragonboat.ca\/download\/170\/rules-of-racing\/8971\/2025-dbc-race-guiding-principles\"><br \/>\nGUIDING PRINCIPLES &#8211; RACE PROGRAM<br \/>\n<\/a><\/p>\n<p><a href=\"https:\/\/conta.cc\/4skUOb3\">24U-PS Guidelines<\/a><a href=\"https:\/\/dragonboat.ca\/download\/414\/2026\/9607\/caccc-bulletin1-v5.pdf?lang=en\"><br \/>\nBULLETIN #1<br \/>\n<\/a><br \/>\n<a href=\"https:\/\/register.dragonboat.ca\/event\/2026-2nd-can-american-championships\/1004804\/\"><br \/>\nRegister Here<br \/>\n<\/a><br \/>\n<a href=\"https:\/\/results.dragonboat.ca\/\"><br \/>\nLIVE RACE RESULTS<br \/>\n<\/a><br \/>\n<a href=\"https:\/\/www.youtube.com\/playlist?list=PLEUfaZJn1whJJc6Ep8rGdrmdjXq_d-AYN\"><br \/>\nLIVE STREAM &#8211; TBA<br \/>\n<\/a><br \/>\n<a href=\"#\"><br \/>\nRACE PROGRAM &#8211; TBA<br \/>\n<\/a><br \/>\n<a role=\"button\"><br \/>\nTRAINING SCHEDULE &#8211; TBA<br \/>\n<\/a><\/p>\n<h2>F.A.Q.<\/h2>\n<p data-start=\"1396\" data-end=\"1587\"><strong data-start=\"1396\" data-end=\"1462\">Q : Quelles \u00e9quipes peuvent participer aux Championnats CanAm?<\/strong><br data-start=\"1462\" data-end=\"1465\" \/>Toute \u00e9quipe de club compos\u00e9e de membres affili\u00e9s \u00e0 leur f\u00e9d\u00e9ration nationale de bateau-dragon peut participer au CACCC.<\/p>\n<p data-start=\"1589\" data-end=\"1749\"><strong data-start=\"1589\" data-end=\"1668\">Q : Que doit faire une \u00e9quipe pour se qualifier aux Championnats canadiens?<\/strong><br data-start=\"1668\" data-end=\"1671\" \/>Absolument rien, sauf \u00eatre membre de <strong data-start=\"1708\" data-end=\"1732\">Bateau Dragon Canada<\/strong> ou de l\u2019USDBF.<\/p>\n<p data-start=\"1751\" data-end=\"1992\"><strong data-start=\"1751\" data-end=\"1808\">Q : Comment une \u00e9quipe peut-elle s\u2019inscrire au CACCC?<\/strong><br data-start=\"1808\" data-end=\"1811\" \/>Une fois qu\u2019une \u00e9quipe est inscrite aupr\u00e8s de <strong data-start=\"1857\" data-end=\"1881\">Bateau Dragon Canada<\/strong> ou de l\u2019USDBF, elle peut s\u2019inscrire au CACCC 2024 dans le syst\u00e8me d\u2019inscription de <strong data-start=\"1965\" data-end=\"1989\">Bateau Dragon Canada<\/strong>.<\/p>\n<p data-start=\"1994\" data-end=\"2061\"><strong data-start=\"1994\" data-end=\"2059\">Toutes les inscriptions se feront en dollars canadiens (CAD).<\/strong><\/p>\n","protected":false},"excerpt":{"rendered":"<p>17-20 JUILLETMontr\u00e9al, QC Bateau Dragon Canada est fier d\u2019accueillir les Championnats CanAm au Bassin olympique du Parc Jean-Drapeau. Nous sommes ravis de collaborer avec Mission Bateau Dragon et l\u2019USDBF afin d\u2019offrir les courses les plus comp\u00e9titives et les plus excitantes du continent en 2026! Les comp\u00e9titions auront lieu du 17 au 20 juillet, avec des [&hellip;]<\/p>\n","protected":false},"author":1,"featured_media":0,"parent":3682,"menu_order":0,"comment_status":"closed","ping_status":"closed","template":"","meta":{"_mo_disable_npp":"","site-sidebar-layout":"default","site-content-layout":"default","ast-site-content-layout":"default","site-content-style":"default","site-sidebar-style":"default","ast-global-header-display":"","ast-banner-title-visibility":"","ast-main-header-display":"","ast-hfb-above-header-display":"","ast-hfb-below-header-display":"","ast-hfb-mobile-header-display":"","site-post-title":"","ast-breadcrumbs-content":"","ast-featured-img":"","footer-sml-layout":"","ast-disable-related-posts":"","theme-transparent-header-meta":"default","adv-header-id-meta":"","stick-header-meta":"","header-above-stick-meta":"","header-main-stick-meta":"","header-below-stick-meta":"","astra-migrate-meta-layouts":"set","ast-page-background-enabled":"default","ast-page-background-meta":{"desktop":{"background-color":"","background-image":"","background-repeat":"repeat","background-position":"center center","background-size":"auto","background-attachment":"scroll","background-type":"","background-media":"","overlay-type":"","overlay-color":"","overlay-opacity":"","overlay-gradient":""},"tablet":{"background-color":"","background-image":"","background-repeat":"repeat","background-position":"center center","background-size":"auto","background-attachment":"scroll","background-type":"","background-media":"","overlay-type":"","overlay-color":"","overlay-opacity":"","overlay-gradient":""},"mobile":{"background-color":"","background-image":"","background-repeat":"repeat","background-position":"center center","background-size":"auto","background-attachment":"scroll","background-type":"","background-media":"","overlay-type":"","overlay-color":"","overlay-opacity":"","overlay-gradient":""}},"ast-content-background-meta":{"desktop":{"background-color":"var(--ast-global-color-5)","background-image":"","background-repeat":"repeat","background-position":"center center","background-size":"auto","background-attachment":"scroll","background-type":"","background-media":"","overlay-type":"","overlay-color":"","overlay-opacity":"","overlay-gradient":""},"tablet":{"background-color":"var(--ast-global-color-5)","background-image":"","background-repeat":"repeat","background-position":"center center","background-size":"auto","background-attachment":"scroll","background-type":"","background-media":"","overlay-type":"","overlay-color":"","overlay-opacity":"","overlay-gradient":""},"mobile":{"background-color":"var(--ast-global-color-5)","background-image":"","background-repeat":"repeat","background-position":"center center","background-size":"auto","background-attachment":"scroll","background-type":"","background-media":"","overlay-type":"","overlay-color":"","overlay-opacity":"","overlay-gradient":""}},"footnotes":""},"class_list":["post-9663","page","type-page","status-publish","hentry"],"yoast_head":"<!-- This site is optimized with the Yoast SEO plugin v27.3 - https:\/\/yoast.com\/product\/yoast-seo-wordpress\/ -->\n<title>Championnat Can Am\u00e9ricain de bateau dragon par Club 2026 - Dragon Boat Canada<\/title>\n<meta name=\"description\" content=\"Participez aux Championnats CanAm 2026 de bateau-dragon \u00e0 Montr\u00e9al. Courses 200 m, 500 m et 2000 m au Bassin olympique du Parc Jean-Drapeau du 17 au 20 juillet.\" \/>\n<meta name=\"robots\" content=\"index, follow, max-snippet:-1, max-image-preview:large, max-video-preview:-1\" \/>\n<link rel=\"canonical\" href=\"https:\/\/dragonboat.ca\/fr\/events-calendar\/championnat-can-americain-de-bateau-dragon-par-club-2026\/\" \/>\n<meta property=\"og:locale\" content=\"fr_FR\" \/>\n<meta property=\"og:type\" content=\"article\" \/>\n<meta property=\"og:title\" content=\"Championnat Can Am\u00e9ricain de bateau dragon par Club 2026 - Dragon Boat Canada\" \/>\n<meta property=\"og:description\" content=\"Participez aux Championnats CanAm 2026 de bateau-dragon \u00e0 Montr\u00e9al. Courses 200 m, 500 m et 2000 m au Bassin olympique du Parc Jean-Drapeau du 17 au 20 juillet.\" \/>\n<meta property=\"og:url\" content=\"https:\/\/dragonboat.ca\/fr\/events-calendar\/championnat-can-americain-de-bateau-dragon-par-club-2026\/\" \/>\n<meta property=\"og:site_name\" content=\"Dragon Boat Canada\" \/>\n<meta property=\"article:publisher\" content=\"https:\/\/www.facebook.com\/DBC.BDC\" \/>\n<meta property=\"article:modified_time\" content=\"2026-03-27T16:15:07+00:00\" \/>\n<meta property=\"og:image\" content=\"https:\/\/dragonboat.ca\/wp-content\/uploads\/CAN_AM_FR.png\" \/>\n<meta name=\"twitter:card\" content=\"summary_large_image\" \/>\n<meta name=\"twitter:site\" content=\"@DragonBoatCda\" \/>\n<meta name=\"twitter:label1\" content=\"Dur\u00e9e de lecture estim\u00e9e\" \/>\n\t<meta name=\"twitter:data1\" content=\"2 minutes\" \/>\n<script type=\"application\/ld+json\" class=\"yoast-schema-graph\">{\"@context\":\"https:\\\/\\\/schema.org\",\"@graph\":[{\"@type\":\"WebPage\",\"@id\":\"https:\\\/\\\/dragonboat.ca\\\/fr\\\/events-calendar\\\/championnat-can-americain-de-bateau-dragon-par-club-2026\\\/\",\"url\":\"https:\\\/\\\/dragonboat.ca\\\/fr\\\/events-calendar\\\/championnat-can-americain-de-bateau-dragon-par-club-2026\\\/\",\"name\":\"Championnat Can Am\u00e9ricain de bateau dragon par Club 2026 - Dragon Boat Canada\",\"isPartOf\":{\"@id\":\"https:\\\/\\\/dragonboat.ca\\\/#website\"},\"primaryImageOfPage\":{\"@id\":\"https:\\\/\\\/dragonboat.ca\\\/fr\\\/events-calendar\\\/championnat-can-americain-de-bateau-dragon-par-club-2026\\\/#primaryimage\"},\"image\":{\"@id\":\"https:\\\/\\\/dragonboat.ca\\\/fr\\\/events-calendar\\\/championnat-can-americain-de-bateau-dragon-par-club-2026\\\/#primaryimage\"},\"thumbnailUrl\":\"https:\\\/\\\/dragonboat.ca\\\/wp-content\\\/uploads\\\/CAN_AM_FR.png\",\"datePublished\":\"2026-03-27T15:04:44+00:00\",\"dateModified\":\"2026-03-27T16:15:07+00:00\",\"description\":\"Participez aux Championnats CanAm 2026 de bateau-dragon \u00e0 Montr\u00e9al. Courses 200 m, 500 m et 2000 m au Bassin olympique du Parc Jean-Drapeau du 17 au 20 juillet.\",\"breadcrumb\":{\"@id\":\"https:\\\/\\\/dragonboat.ca\\\/fr\\\/events-calendar\\\/championnat-can-americain-de-bateau-dragon-par-club-2026\\\/#breadcrumb\"},\"inLanguage\":\"fr-FR\",\"potentialAction\":[{\"@type\":\"ReadAction\",\"target\":[\"https:\\\/\\\/dragonboat.ca\\\/fr\\\/events-calendar\\\/championnat-can-americain-de-bateau-dragon-par-club-2026\\\/\"]}]},{\"@type\":\"ImageObject\",\"inLanguage\":\"fr-FR\",\"@id\":\"https:\\\/\\\/dragonboat.ca\\\/fr\\\/events-calendar\\\/championnat-can-americain-de-bateau-dragon-par-club-2026\\\/#primaryimage\",\"url\":\"https:\\\/\\\/dragonboat.ca\\\/wp-content\\\/uploads\\\/CAN_AM_FR.png\",\"contentUrl\":\"https:\\\/\\\/dragonboat.ca\\\/wp-content\\\/uploads\\\/CAN_AM_FR.png\"},{\"@type\":\"BreadcrumbList\",\"@id\":\"https:\\\/\\\/dragonboat.ca\\\/fr\\\/events-calendar\\\/championnat-can-americain-de-bateau-dragon-par-club-2026\\\/#breadcrumb\",\"itemListElement\":[{\"@type\":\"ListItem\",\"position\":1,\"name\":\"Home\",\"item\":\"https:\\\/\\\/dragonboat.ca\\\/\"},{\"@type\":\"ListItem\",\"position\":2,\"name\":\"Events\",\"item\":\"https:\\\/\\\/dragonboat.ca\\\/fr\\\/events-calendar\\\/\"},{\"@type\":\"ListItem\",\"position\":3,\"name\":\"Championnat Can Am\u00e9ricain de bateau dragon par Club 2026\"}]},{\"@type\":\"WebSite\",\"@id\":\"https:\\\/\\\/dragonboat.ca\\\/#website\",\"url\":\"https:\\\/\\\/dragonboat.ca\\\/\",\"name\":\"Dragon Boat Canada\",\"description\":\"Official governing body for the sport of dragon in Canada.\",\"publisher\":{\"@id\":\"https:\\\/\\\/dragonboat.ca\\\/#organization\"},\"potentialAction\":[{\"@type\":\"SearchAction\",\"target\":{\"@type\":\"EntryPoint\",\"urlTemplate\":\"https:\\\/\\\/dragonboat.ca\\\/?s={search_term_string}\"},\"query-input\":{\"@type\":\"PropertyValueSpecification\",\"valueRequired\":true,\"valueName\":\"search_term_string\"}}],\"inLanguage\":\"fr-FR\"},{\"@type\":\"Organization\",\"@id\":\"https:\\\/\\\/dragonboat.ca\\\/#organization\",\"name\":\"Dragon Boat Canada\",\"url\":\"https:\\\/\\\/dragonboat.ca\\\/\",\"logo\":{\"@type\":\"ImageObject\",\"inLanguage\":\"fr-FR\",\"@id\":\"https:\\\/\\\/dragonboat.ca\\\/#\\\/schema\\\/logo\\\/image\\\/\",\"url\":\"https:\\\/\\\/dragonboat.ca\\\/wp-content\\\/uploads\\\/DBC-Logo.png\",\"contentUrl\":\"https:\\\/\\\/dragonboat.ca\\\/wp-content\\\/uploads\\\/DBC-Logo.png\",\"width\":148,\"height\":109,\"caption\":\"Dragon Boat Canada\"},\"image\":{\"@id\":\"https:\\\/\\\/dragonboat.ca\\\/#\\\/schema\\\/logo\\\/image\\\/\"},\"sameAs\":[\"https:\\\/\\\/www.facebook.com\\\/DBC.BDC\",\"https:\\\/\\\/x.com\\\/DragonBoatCda\"]}]}<\/script>\n<!-- \/ Yoast SEO plugin. -->","yoast_head_json":{"title":"Championnat Can Am\u00e9ricain de bateau dragon par Club 2026 - Dragon Boat Canada","description":"Participez aux Championnats CanAm 2026 de bateau-dragon \u00e0 Montr\u00e9al. Courses 200 m, 500 m et 2000 m au Bassin olympique du Parc Jean-Drapeau du 17 au 20 juillet.","robots":{"index":"index","follow":"follow","max-snippet":"max-snippet:-1","max-image-preview":"max-image-preview:large","max-video-preview":"max-video-preview:-1"},"canonical":"https:\/\/dragonboat.ca\/fr\/events-calendar\/championnat-can-americain-de-bateau-dragon-par-club-2026\/","og_locale":"fr_FR","og_type":"article","og_title":"Championnat Can Am\u00e9ricain de bateau dragon par Club 2026 - Dragon Boat Canada","og_description":"Participez aux Championnats CanAm 2026 de bateau-dragon \u00e0 Montr\u00e9al. Courses 200 m, 500 m et 2000 m au Bassin olympique du Parc Jean-Drapeau du 17 au 20 juillet.","og_url":"https:\/\/dragonboat.ca\/fr\/events-calendar\/championnat-can-americain-de-bateau-dragon-par-club-2026\/","og_site_name":"Dragon Boat Canada","article_publisher":"https:\/\/www.facebook.com\/DBC.BDC","article_modified_time":"2026-03-27T16:15:07+00:00","og_image":[{"url":"https:\/\/dragonboat.ca\/wp-content\/uploads\/CAN_AM_FR.png","type":"","width":"","height":""}],"twitter_card":"summary_large_image","twitter_site":"@DragonBoatCda","twitter_misc":{"Dur\u00e9e de lecture estim\u00e9e":"2 minutes"},"schema":{"@context":"https:\/\/schema.org","@graph":[{"@type":"WebPage","@id":"https:\/\/dragonboat.ca\/fr\/events-calendar\/championnat-can-americain-de-bateau-dragon-par-club-2026\/","url":"https:\/\/dragonboat.ca\/fr\/events-calendar\/championnat-can-americain-de-bateau-dragon-par-club-2026\/","name":"Championnat Can Am\u00e9ricain de bateau dragon par Club 2026 - Dragon Boat Canada","isPartOf":{"@id":"https:\/\/dragonboat.ca\/#website"},"primaryImageOfPage":{"@id":"https:\/\/dragonboat.ca\/fr\/events-calendar\/championnat-can-americain-de-bateau-dragon-par-club-2026\/#primaryimage"},"image":{"@id":"https:\/\/dragonboat.ca\/fr\/events-calendar\/championnat-can-americain-de-bateau-dragon-par-club-2026\/#primaryimage"},"thumbnailUrl":"https:\/\/dragonboat.ca\/wp-content\/uploads\/CAN_AM_FR.png","datePublished":"2026-03-27T15:04:44+00:00","dateModified":"2026-03-27T16:15:07+00:00","description":"Participez aux Championnats CanAm 2026 de bateau-dragon \u00e0 Montr\u00e9al. Courses 200 m, 500 m et 2000 m au Bassin olympique du Parc Jean-Drapeau du 17 au 20 juillet.","breadcrumb":{"@id":"https:\/\/dragonboat.ca\/fr\/events-calendar\/championnat-can-americain-de-bateau-dragon-par-club-2026\/#breadcrumb"},"inLanguage":"fr-FR","potentialAction":[{"@type":"ReadAction","target":["https:\/\/dragonboat.ca\/fr\/events-calendar\/championnat-can-americain-de-bateau-dragon-par-club-2026\/"]}]},{"@type":"ImageObject","inLanguage":"fr-FR","@id":"https:\/\/dragonboat.ca\/fr\/events-calendar\/championnat-can-americain-de-bateau-dragon-par-club-2026\/#primaryimage","url":"https:\/\/dragonboat.ca\/wp-content\/uploads\/CAN_AM_FR.png","contentUrl":"https:\/\/dragonboat.ca\/wp-content\/uploads\/CAN_AM_FR.png"},{"@type":"BreadcrumbList","@id":"https:\/\/dragonboat.ca\/fr\/events-calendar\/championnat-can-americain-de-bateau-dragon-par-club-2026\/#breadcrumb","itemListElement":[{"@type":"ListItem","position":1,"name":"Home","item":"https:\/\/dragonboat.ca\/"},{"@type":"ListItem","position":2,"name":"Events","item":"https:\/\/dragonboat.ca\/fr\/events-calendar\/"},{"@type":"ListItem","position":3,"name":"Championnat Can Am\u00e9ricain de bateau dragon par Club 2026"}]},{"@type":"WebSite","@id":"https:\/\/dragonboat.ca\/#website","url":"https:\/\/dragonboat.ca\/","name":"Dragon Boat Canada","description":"Official governing body for the sport of dragon in Canada.","publisher":{"@id":"https:\/\/dragonboat.ca\/#organization"},"potentialAction":[{"@type":"SearchAction","target":{"@type":"EntryPoint","urlTemplate":"https:\/\/dragonboat.ca\/?s={search_term_string}"},"query-input":{"@type":"PropertyValueSpecification","valueRequired":true,"valueName":"search_term_string"}}],"inLanguage":"fr-FR"},{"@type":"Organization","@id":"https:\/\/dragonboat.ca\/#organization","name":"Dragon Boat Canada","url":"https:\/\/dragonboat.ca\/","logo":{"@type":"ImageObject","inLanguage":"fr-FR","@id":"https:\/\/dragonboat.ca\/#\/schema\/logo\/image\/","url":"https:\/\/dragonboat.ca\/wp-content\/uploads\/DBC-Logo.png","contentUrl":"https:\/\/dragonboat.ca\/wp-content\/uploads\/DBC-Logo.png","width":148,"height":109,"caption":"Dragon Boat Canada"},"image":{"@id":"https:\/\/dragonboat.ca\/#\/schema\/logo\/image\/"},"sameAs":["https:\/\/www.facebook.com\/DBC.BDC","https:\/\/x.com\/DragonBoatCda"]}]}},"_links":{"self":[{"href":"https:\/\/dragonboat.ca\/fr\/wp-json\/wp\/v2\/pages\/9663","targetHints":{"allow":["GET"]}}],"collection":[{"href":"https:\/\/dragonboat.ca\/fr\/wp-json\/wp\/v2\/pages"}],"about":[{"href":"https:\/\/dragonboat.ca\/fr\/wp-json\/wp\/v2\/types\/page"}],"author":[{"embeddable":true,"href":"https:\/\/dragonboat.ca\/fr\/wp-json\/wp\/v2\/users\/1"}],"replies":[{"embeddable":true,"href":"https:\/\/dragonboat.ca\/fr\/wp-json\/wp\/v2\/comments?post=9663"}],"version-history":[{"count":10,"href":"https:\/\/dragonboat.ca\/fr\/wp-json\/wp\/v2\/pages\/9663\/revisions"}],"predecessor-version":[{"id":9675,"href":"https:\/\/dragonboat.ca\/fr\/wp-json\/wp\/v2\/pages\/9663\/revisions\/9675"}],"up":[{"embeddable":true,"href":"https:\/\/dragonboat.ca\/fr\/wp-json\/wp\/v2\/pages\/3682"}],"wp:attachment":[{"href":"https:\/\/dragonboat.ca\/fr\/wp-json\/wp\/v2\/media?parent=9663"}],"curies":[{"name":"wp","href":"https:\/\/api.w.org\/{rel}","templated":true}]}}